{"id":11,"date":"2011-10-18T19:32:35","date_gmt":"2011-10-18T19:32:35","guid":{"rendered":"http:\/\/v.p007-aa_car.lh\/?page_id=11"},"modified":"2018-10-25T15:04:13","modified_gmt":"2018-10-25T19:04:13","slug":"planing-guide","status":"publish","type":"page","link":"https:\/\/aacartransport.com\/es\/planing-guide\/","title":{"rendered":"Gu\u00eda para Planear"},"content":{"rendered":"<h1 style=\"margin-top: 0;\">Gu\u00eda para Planear<\/h1>\n<p>Planear el transporte de su veh\u00edculo no debe ser duro o tomar demasiado. Usar el sistema de presupuestos en l\u00ednea de AA Car Transport es una opci\u00f3n sencilla y r\u00e1pida disponible las 24 horas del d\u00eda. Si se siente m\u00e1s c\u00f3modo hablando con una persona, contacte a uno de nuestros especialistas en transporte de autos que est\u00e1n disponibles de 9:00 am a 7:00 pm EST, de lunes a viernes. Hemos listado debajo algunas de las cosas que debe tener en cuenta cuando contrata una empresa de transporte de veh\u00edculos. Si necesita informaci\u00f3n adicional sobre el env\u00edo de coches o tiene preguntas que no han sido respondidas, por favor ll\u00e1menos al (800) 516-3440 o complete nuestro formulario de en l\u00ednea de Presupuesto para Env\u00edo de Autos.<\/p>\n<p><img decoding=\"async\" title=\"AA Car Transport Planning Guide\" src=\"\\wp-content\\uploads\\2017\\10\\aa-car-transport-about-us-cropped.jpg\" alt=\"AA Car Transport Planning Guide\"><\/p>\n<p>De igual manera que cuando usted se est\u00e1 preparando para un viaje y hace una lista para asegurarse que ha hecho y est\u00e1 llevando todo lo necesario para viajar sin problemas, el transporte de autos requiere una lista para asegurarse que la experiencia ser\u00e1 libre de estr\u00e9s e inconvenientes. Muchas personas tienen la idea equivocada y esperan que su empresa de transporte de autos se ocupe de todos los detalles. No nos malinterprete, como transportadores de autos nos ocupamos de acomodar cada auto y asegurarnos que cada uno de ellos est\u00e1 seguro y listo para ser enviado, sin embargo hay algunos detalles que le recomendamos a usted, nuestro cliente, tener en cuenta. No solo para asegurar un viaje tranquilo, sino para que est\u00e9 en sus registros, en caso que una empresa de seguros luego deba ser involucrada.<br \/>\nRepase esta sencilla y f\u00e1cil lista que hemos creado para ayudar a nuestros clientes a preparar sus veh\u00edculos para el viaje.<\/p>\n<p>&nbsp;<\/p>\n<h2>CONSEJOS DE LA GU\u00cdA PARA PLANEAR:<\/h2>\n<p><strong>Las \u00f3rdenes del doctor.<\/strong> Nos gusta pensar que los autos de nuestros clientes, son propiamente nuestros, de este modo no solo los tratamos como tales, sino que pensamos en ellos como si fuesen personas. Puede parecer tonto pero alentamos a nuestros clientes a que tambi\u00e9n vean sus autos de ese modo. Recomendamos tener su auto completamente inspeccionado por un mec\u00e1nico certificado y hacer una revisi\u00f3n general del motor, ruedas, fluidos y frenos. Entendemos que algunos de nuestros clientes pueden hacerlo ellos mismos, sin embargo es lo mismo que auto-medicarse al sentirse enfermo. Es mejor obtener la opini\u00f3n de un profesional antes que tener que ocuparse de un problema mayor luego. M\u00e1s tarde cuando el auto es entregado y \u00e9ste presente una p\u00e9rdida o una rueda desinflada, lo podr\u00e1 identificar inmediatamente porque usted ya sabr\u00e1 en qu\u00e9 estado se encontraba el auto antes del env\u00edo. Tambi\u00e9n si de repente el auto empieza a perder durante el camino, por razones de seguridad los conductores est\u00e1n obligados a descargar el auto y guardarlo, lo cual puede ocasionar otros gastos de transporte que ser\u00e1n cubiertos por el cliente. Si por alguna raz\u00f3n esta p\u00e9rdida da\u00f1ase la pintura de otro auto, usted tambi\u00e9n ser\u00e1 responsable por ese auto.<\/p>\n<p>&nbsp;<\/p>\n<p><strong>Convi\u00e9rtalo en un momento Kodak.<\/strong> Adem\u00e1s de que un mec\u00e1nico certificado revise el auto, es importante que usted mismo lo haga para buscar rayones, abolladuras, y cualquier otro tipo de marcas. Tome fotos del interior y el exterior del coche en detalle. Esto ayudar\u00e1 a comparar una vez que el auto sea entregado y a buscar nuevas l\u00edneas, rayones y abolladuras. Puede que esto le parezca tedioso y sin sentido ahora, pero una vez que el ray\u00f3n ocurre, estas fotos ser\u00e1n la prueba para los prop\u00f3sitos del seguro.&nbsp;<\/p>\n<p>&nbsp;<\/p>\n<p><strong>Aseg\u00farese del seguro.<\/strong> No asuma que porque el transportador de autos llevar\u00e1 su auto de un punto a otro, el seguro es parte del paquete tambi\u00e9n. Aseg\u00farese de que el transportista que usted usa le proporciona un seguro completo en caso de cualquier p\u00e9rdida o da\u00f1o a su auto durante el camino. Pida una copia del seguro para sus registros y como prueba de que esta empresa le responder\u00e1 no s\u00f3lo cuando haya que cobrarle sino tambi\u00e9n cuando rayen su auto.<\/p>\n<p>&nbsp;<\/p>\n<p><strong>M\u00e1s carga, m\u00e1s tarifas.<\/strong> Repase con su transportista que otras regulaciones tienen para transportar un coche. Algunas compa\u00f1\u00edas requieren que el tanque de combustible est\u00e9 lleno por la mitad o incluso un cuarto para eliminar el peso extra en el transportador. Tambi\u00e9n pregunte si est\u00e1 permitido llevar pertenencias personales dentro del auto porque cada transportista tiene diferentes p\u00f3lizas. En caso de que est\u00e9 permitido, pregunte cu\u00e1nto, qu\u00e9 tipo de elementos y si estos est\u00e1n cubiertos por el seguro. Finalmente asegure o retire de un modo seguro el equipamiento a un costado del estado original del auto. Modificaciones personalizadas, ornamentos, antenas o las luces para la niebla, normalmente necesitan ser retiradas del veh\u00edculo. Repase con su transportista cu\u00e1les son sus p\u00f3lizas en cuanto a estos elementos.<\/p>\n<p>&nbsp;<\/p>\n<p>Tache cada elemento de la lista a medida que los va haciendo para facilitar el proceso de preparaci\u00f3n. Solo le tomar\u00e1 un tiempo breve revisar su auto en profundidad y seguir este listado comparado con la cantidad de tiempo que perder\u00e1 en caso de que cualquier percance suceda durante el camino y su coche se vea afectado. Estos pasos simples le ayudar\u00e1n a evitar inconveniencias, ahorrar un mont\u00f3n de tiempo y lo m\u00e1s importante, le ayudar\u00e1n a ahorrar un mont\u00f3n de dinero.<\/p>\n<p>Esperamos que las sugerencias de nuestra gu\u00eda para planear le hayan sido \u00fatiles. En AA Car Transport nos esforzamos para ofrecer la mejor atenci\u00f3n al cliente. Si tiene m\u00e1s preguntas, por favor si\u00e9ntase libre de contactarnos sin cargo al (800) 516-3440 o complete nuestro formulario en l\u00ednea para obtener un Presupuesto para Env\u00edos de Autos.<\/p>\n<p>Por favor, comparta la Gu\u00eda de Planificaci\u00f3n si le ha gustado.<\/p>\n<p class=\"pt-planning-caption\">&nbsp;<\/p>\n<p>AA Car Transport ofrece a los clientes cuatro tipos principales de servicio de transporte de autos. Estos diferentes tipos de servicio tienen la funci\u00f3n de ayudar a atender las necesidades de transporte de veh\u00edculos de todos nuestros clientes. Por favor explore nuestros servicios de transporte de autos y la informaci\u00f3n sobre env\u00edos a lo largo de nuestro sitio para que esto le ayude a decidir que opci\u00f3n de transporte de veh\u00edculos es m\u00e1s conveniente para usted. Por favor contacte a uno de nuestros especialistas en transporte de autos si tiene alguna pregunta o la necesidad de hacer arreglos especiales.<\/p>\n","protected":false},"excerpt":{"rendered":"<p>Gu\u00eda para Planear Planear el transporte de su veh\u00edculo no debe ser duro o tomar demasiado. Usar el sistema de presupuestos en l\u00ednea de AA Car Transport es una opci\u00f3n sencilla y r\u00e1pida disponible las 24 horas del d\u00eda. Si se siente m\u00e1s c\u00f3modo hablando con una persona, contacte a uno de nuestros especialistas en&hellip;<\/p>\n","protected":false},"author":9,"featured_media":0,"parent":0,"menu_order":0,"comment_status":"open","ping_status":"open","template":"templates\/page-template-planning.php","meta":{"_acf_changed":false,"footnotes":""},"translation":{"provider":"WPGlobus","version":"2.12.2","language":"es","enabled_languages":["en","es"],"languages":{"en":{"title":true,"content":true,"excerpt":false},"es":{"title":true,"content":true,"excerpt":false}}},"acf":[],"amp_enabled":false,"_links":{"self":[{"href":"https:\/\/aacartransport.com\/es\/wp-json\/wp\/v2\/pages\/11"}],"collection":[{"href":"https:\/\/aacartransport.com\/es\/wp-json\/wp\/v2\/pages"}],"about":[{"href":"https:\/\/aacartransport.com\/es\/wp-json\/wp\/v2\/types\/page"}],"author":[{"embeddable":true,"href":"https:\/\/aacartransport.com\/es\/wp-json\/wp\/v2\/users\/9"}],"replies":[{"embeddable":true,"href":"https:\/\/aacartransport.com\/es\/wp-json\/wp\/v2\/comments?post=11"}],"version-history":[{"count":0,"href":"https:\/\/aacartransport.com\/es\/wp-json\/wp\/v2\/pages\/11\/revisions"}],"wp:attachment":[{"href":"https:\/\/aacartransport.com\/es\/wp-json\/wp\/v2\/media?parent=11"}],"curies":[{"name":"wp","href":"https:\/\/api.w.org\/{rel}","templated":true}]}}