{"id":5,"date":"2011-10-18T19:31:13","date_gmt":"2011-10-19T00:31:13","guid":{"rendered":"http:\/\/v.p007-aa_car.lh\/?page_id=5"},"modified":"2020-07-10T09:43:28","modified_gmt":"2020-07-10T13:43:28","slug":"about-us","status":"publish","type":"page","link":"https:\/\/aacartransport.com\/es\/about-us\/","title":{"rendered":"Qui\u00e9nes somos"},"content":{"rendered":"<h1 style=\"margin-top: 0;\">Qui\u00e9nes somos<\/h1>\n<p>AA Car Transport es una orgullosa empresa de transporte y corretaje de autos. Nuestro trabajo es hacer la conexi\u00f3n entre usted \u2013 el cliente, y la mayor\u00eda de los transportadores apropiados para atender sus necesidades. Nuestros especialistas profesionales lo guiar\u00e1n a trav\u00e9s del proceso del transporte y env\u00edo del auto y se asegurar\u00e1n que todas sus necesidades est\u00e1n siendo atendidas. Entre nuestros muchos clientes usted puede encontrar desde corporaciones hasta concesionarios y clientes privados. Tratamos todos nuestros encargos del mismo modo, si usted transporta uno o diez veh\u00edculos a la vez. Nos preocupamos por su veh\u00edculo como si fuera nuestro y por esa raz\u00f3n nos aseguramos de que todos nuestros transportistas est\u00e9n licenciados y tengan un muy buen seguro.<\/p>\n<p><img decoding=\"async\" title=\"AA Car Transport About Us\" src=\"\\wp-content\\uploads\\2017\\10\\aa-car-transport-about-us-cropped.jpg\" alt=\"AA Car Transport About Us\" \/><br \/>\nNuestra experiencia a trav\u00e9s de los a\u00f1os trabajando para otros, nos ha hecho mejores, al aprender de sus errores. Hemos podido abrir una nueva empresa que se enfoca en la honestidad y confianza, en vez de la avaricia y las mentiras.<\/p>\n<p>Nuestra consigna es simplemente llevar su auto desde el punto de origen al punto de destino del mejor modo posible, manteniendo a su auto seguro y utilizando conductores confiables. Nuestros precios incluyen todo y no hay tarifas escondidas luego.<\/p>\n<p>Por favor lea nuestro blog para obtener informaci\u00f3n sobre c\u00f3mo y cu\u00e1nto cuesta, y toda la informaci\u00f3n que precisa para enviar su auto, moto o barco. Tambi\u00e9n mostramos nuestra pasi\u00f3n por los autos y compartimos informaci\u00f3n sobre algunas buenas muestras de autos e informaci\u00f3n divertida relacionada a los veh\u00edculos.<\/p>\n<p>Como servicio, hemos a\u00f1adido una calculadora en l\u00ednea de modo que usted pueda calcular el precio de su env\u00edo en l\u00ednea instant\u00e1neamente (por favor comprenda esto como una estimaci\u00f3n y que los precios pueden variar seg\u00fan los cambios del precio del combustible, puntos de recogida o entrega fuera de ruta, fechas de recogida y entrega y m\u00e1s).<\/p>\n<h2 class=\"pt-about-us-tc\">Llame al (800) 516-3440 para hablar con un especialista o pida un presupuesto.<\/h2>\n<h4 class=\"pt-about-us-tc\">Submit a request for a <a title=\"A request for a quote\" href=\"\/getaquote\">quote.<\/a><\/h4>\n<h2>Nuestra \u00e1rea de servicio incluye:<\/h2>\n<ul>\n<li>Todo el territorio de Estados Unidos (48 estados).<\/li>\n<li>Hawaii y Alaska.<\/li>\n<\/ul>\n<h2>Env\u00edo internacional de autos a:<\/h2>\n<ul>\n<li>Canad\u00e1<\/li>\n<li>Europa<\/li>\n<li>\u00c1frica<\/li>\n<li>Asia<\/li>\n<li>Australia<\/li>\n<\/ul>\n","protected":false},"excerpt":{"rendered":"<p>Qui\u00e9nes somos AA Car Transport es una orgullosa empresa de transporte y corretaje de autos. Nuestro trabajo es hacer la conexi\u00f3n entre usted \u2013 el cliente, y la mayor\u00eda de los transportadores apropiados para atender sus necesidades. Nuestros especialistas profesionales lo guiar\u00e1n a trav\u00e9s del proceso del transporte y env\u00edo del auto y se asegurar\u00e1n&hellip;<\/p>\n","protected":false},"author":9,"featured_media":0,"parent":0,"menu_order":0,"comment_status":"open","ping_status":"closed","template":"templates\/page-template-about.php","meta":{"_acf_changed":false,"footnotes":""},"translation":{"provider":"WPGlobus","version":"2.12.2","language":"es","enabled_languages":["en","es"],"languages":{"en":{"title":true,"content":true,"excerpt":false},"es":{"title":true,"content":true,"excerpt":false}}},"acf":[],"amp_enabled":false,"_links":{"self":[{"href":"https:\/\/aacartransport.com\/es\/wp-json\/wp\/v2\/pages\/5"}],"collection":[{"href":"https:\/\/aacartransport.com\/es\/wp-json\/wp\/v2\/pages"}],"about":[{"href":"https:\/\/aacartransport.com\/es\/wp-json\/wp\/v2\/types\/page"}],"author":[{"embeddable":true,"href":"https:\/\/aacartransport.com\/es\/wp-json\/wp\/v2\/users\/9"}],"replies":[{"embeddable":true,"href":"https:\/\/aacartransport.com\/es\/wp-json\/wp\/v2\/comments?post=5"}],"version-history":[{"count":0,"href":"https:\/\/aacartransport.com\/es\/wp-json\/wp\/v2\/pages\/5\/revisions"}],"wp:attachment":[{"href":"https:\/\/aacartransport.com\/es\/wp-json\/wp\/v2\/media?parent=5"}],"curies":[{"name":"wp","href":"https:\/\/api.w.org\/{rel}","templated":true}]}}