{"id":7,"date":"2011-10-18T19:31:31","date_gmt":"2011-10-18T19:31:31","guid":{"rendered":"http:\/\/v.p007-aa_car.lh\/?page_id=7"},"modified":"2018-07-02T13:24:41","modified_gmt":"2018-07-02T17:24:41","slug":"services","status":"publish","type":"page","link":"https:\/\/aacartransport.com\/es\/services\/","title":{"rendered":"SERVICIOS DE CONCECIONARIO"},"content":{"rendered":"<h1 style=\"margin-top: 0;\">SERVICIOS DE AA CAR TRANSPORT<\/h1>\n<p class=\"pt-services-nav\"><a style=\"color: #2a90db;\" href=\"#go_nationwide\">AUTO TRANSPORTE Y ENV\u00cdO DE AUTOS EN TODA LA NACI\u00d3N.<\/a><br \/>\n<a style=\"color: #4e4d4d;\" href=\"#go_door\">ENV\u00cdOS PUERTA A PUERTA<\/a><br \/>\n<a style=\"color: #2a90db;\" href=\"#go_open\">TRANSPORTE ABIERTO DE AUTOS.<\/a><br \/>\n<a style=\"color: #4e4d4d;\" href=\"#go_enclosed\">ENV\u00cdOS CERRADOS DE AUTOS.<\/a><br \/>\n<a style=\"color: #2a90db;\" href=\"#go_express\">SERVICIO EXPRESO DE ENV\u00cdO DE AUTOS.<\/a><br \/>\n<a style=\"color: #4e4d4d;\" href=\"#go_personal\">SERVICIO DE TRANSPORTADOR PERSONAL Y DE CONDUCCI\u00d3N.<\/a><br \/>\n<a style=\"color: #2a90db;\" href=\"#go_motorcycle\">ENV\u00cdOS DE MOTOCICLETAS \/ CUATRICICLOS<\/a><br \/>\n<a style=\"color: #4e4d4d;\" href=\"#go_suv\">ENV\u00cdOS Y TRANSPORTE DE SUV, CAMIONETA, MINIVAN, JEEP<\/a><br \/>\n<a style=\"color: #2a90db;\" href=\"#go_truck\">ENV\u00cdOS Y TRANSPORTE DE CAMIONES, BUSES Y EQUIPAMIENTO PESADO.<\/a><br \/>\n<a style=\"color: #4e4d4d;\" href=\"#go_boat\">Env\u00edo de barcos<\/a><br \/>\n<a style=\"color: #2a90db;\" href=\"#go_dealer\">SERVICIOS DE CONCECIONARIO<\/a><\/p>\n<h2 id=\"go_nationwide\">AUTO TRANSPORTE Y ENV\u00cdO DE AUTOS EN TODA LA NACI\u00d3N.<\/h2>\n<p>AA Car Transport puede transportar su veh\u00edculo desde cualquier estado hasta cualquier estado incluyendo Hawaii y Alaska. Usando AA Car Transport para tus necesidades de auto transporte le ahorrar\u00e1 tiempo y dinero. Nuestro precio es una tarifa plana la cual incluye remolques, combustible, impuestos y un seguro con cobertura completa. Toda nuestra red de conductores est\u00e1 licenciada, asegurada y cuenta con la experiencia necesaria. Pre-aprobamos a nuestros conductores antes de conectarlos con usted. De este modo nos aseguramos que el conductor tenga su licencia y seguro al d\u00eda y que \u00e9l comprenda todas SUS necesidades. \u00a1Lo conectaremos S\u00d3LO con un conductor que pueda trabajar en base a sus t\u00e9rminos!<\/p>\n<h2 id=\"go_door\">ENV\u00cdOS PUERTA A PUERTA<\/h2>\n<p>Nuestra tarifa plana incluye el servicio puerta a puerta. El conductor har\u00e1 todo lo que pueda por acercarse lo m\u00e1s posible al veh\u00edculo. En ubicaciones con limitaciones (tales como: comunidades cerradas, bases militares, calles angostas) el conductor tratar\u00e1 de estacionar el transportador de autos tan cerca como sea posible. En caso de que a\u00fan no tenga una direcci\u00f3n en el lugar de destino, arreglaremos un punto de encuentro conveniente para usted y el conductor.<br \/>\nTodos los autos que se env\u00edan a Hawaii s\u00f3lo tienen traslado desde la puerta hasta el puerto. El due\u00f1o del coche (o representante legal) puede liberar el auto del puerto. En este caso, la tarifa plana incluye la recogida con el transportador, remolque, combustible, impuestos, carga en el barco y descarga del barco. Una vez arribado a Hawaii el auto debe ser recogido del puerto en el plazo de 24 hs.<\/p>\n<h2 id=\"go_open\">TRANSPORTE ABIERTO DE AUTOS.<\/h2>\n<p>El transporte abierto de autos es simplemente lo que su nombre indica: un tr\u00e1iler abierto. Este es el modo m\u00e1s com\u00fan y econ\u00f3mico de enviar veh\u00edculos en la industria. Usualmente un transportador abierto de autos puede llevar entre 6 y 10 veh\u00edculos dependiendo del tama\u00f1o del transportador y el tipo de carga. Si el cliente no indica lo contrario, se le asignar\u00e1 autom\u00e1ticamente un transportador abierto de autos. La mayor\u00eda de las veces su veh\u00edculo ser\u00e1 puesto a partir del orden de entregas (para evitar maniobras), pero si usted tiene alg\u00fan pedido especial (estar en la parte superior o en el frente inferior), la mayor\u00eda de los conductores tratar\u00e1 de ajustarse (a veces se cobra una tarifa adicional para garantizar la ubicaci\u00f3n).<\/p>\n<h2 id=\"go_enclosed\">ENV\u00cdOS CERRADOS DE AUTOS.<\/h2>\n<p>El transporte cerrado de autos esta hecho por transportistas de tr\u00e1ilers. Normalmente acarrea entre 1 y 4 veh\u00edculos a bordo. Normalmente utilizado para autos cl\u00e1sicos, autos de lujo y autos deportivos. Los transportadores cerrados no son tan comunes como los abiertos y debido a esto, tambi\u00e9n cuestan m\u00e1s ($400 &#8211; $500 de diferencia). Enviar su auto a trav\u00e9s de un transportador cerrado es el modo m\u00e1s seguro para autos con modificaciones especiales.<\/p>\n<h2 id=\"go_express\">SERVICIO EXPRESO DE ENV\u00cdO DE AUTOS.<\/h2>\n<p>El servicio expreso de env\u00edo de autos garantiza una franja de 48hs para la recogida. Habr\u00e1 una tarifa adicional en este caso. El servicio expreso normalmente se utiliza cuando la franja horaria para la recogida es muy estrecha.<\/p>\n<h2 id=\"go_personal\">SERVICIO DE TRANSPORTADOR PERSONAL Y DE CONDUCCI\u00d3N.<\/h2>\n<p>Otro modo en el cual realizamos env\u00edos es con un transportador personal, normalmente una camioneta de caja plana que transporta S\u00d3LO su veh\u00edculo.<br \/>\nEl veh\u00edculo no ser\u00e1 conducido excepto para cargar y descargar en la camioneta.<br \/>\nEste conductor ser\u00e1 asignado solo para servirlo a usted de modo que el tiempo de tr\u00e1nsito es muy r\u00e1pido pero se requiere una tarifa adicional.<br \/>\nTambi\u00e9n ofrecemos el servicio de conducci\u00f3n, en este caso su veh\u00edculo ser\u00e1 conducido por un conductor profesional que est\u00e1 completamente licenciado y asegurado. Este servicio es realmente \u00fanico y no se utiliza muy a menudo pero\u2026 \u00a1lo ofrecemos en caso de que usted lo necesite!<\/p>\n<h2 id=\"go_motorcycle\">ENV\u00cdOS DE MOTOCICLETAS \/ CUATRICICLOS<\/h2>\n<p>Las motocicletas son normalmente transportadas en un transportador cerrado especialmente dise\u00f1ado para acarrear motos. La moto ser\u00e1 amarrada y atada cuidadosamente. Existe tambi\u00e9n la opci\u00f3n de hacer una caja personalizada para su moyo pero eso requerir\u00eda un costo adicional para su confecci\u00f3n. Utilice esta opci\u00f3n s\u00f3lo si tiene una moto muy especial o cara con un mont\u00f3n de modificaciones. Todo esto funciona de igual modo para los cuatriciclos.<\/p>\n<h2 id=\"go_suv\">ENV\u00cdOS Y TRANSPORTE DE SUV, CAMIONETA, MINIVAN, JEEP<\/h2>\n<p>Proveemos un servicio de transporte para autos peque\u00f1os tanto como para veh\u00edculos m\u00e1s grandes como una SUV, una camioneta, una minivan y un Jeep. El precio para estos veh\u00edculos normalmente es m\u00e1s elevado debido a que el auto es m\u00e1s grande y pesado y el conductor del cami\u00f3n necesitar\u00e1 cargar menos veh\u00edculos. Normalmente se le permite al cliente tener un peso adicional de hasta 75 libras para bienes livianos en el cami\u00f3. En el caso de que no haya un cami\u00f3n disponible, los bienes livianos (no fr\u00e1giles ni valuables) deber\u00e1n ser amarrados detr\u00e1s del asiento trasero y asegurados. El seguro no cubrir\u00e1 ning\u00fan da\u00f1o que ocurra dentro del auto.<\/p>\n<h2 id=\"go_truck\">ENV\u00cdOS Y TRANSPORTE DE CAMIONES, BUSES Y EQUIPAMIENTO PESADO.<\/h2>\n<p>Mudar equipamiento pesado requiere un plan cuidadoso y maniobras rigurosas. Tambi\u00e9n proveemos servicio para veh\u00edculos de gran tama\u00f1o. La hora de recogida y entrega puede variar en este caso. Un equipamiento pesado especial necesita ser organizado con al menos 3 o 4 semanas de anticipaci\u00f3n. Los permisos especiales para transportar en ciertos estados deben ser arreglados previo a la carga. \u00a1SI TIENE RUEDAS, LO TRANSPORTAREMOS PARA USTED!<\/p>\n<h2 id=\"go_dealer\">SERVICIO DE CONCESIONARIO<\/h2>\n<p>Trabajamos con varios concesionarios. Transportamos carros nuevos y usados. Tarifas especiales para transporte m\u00faltiple de autos. Abra una cuenta y disfrute de nuestro plan de beneficios por puntaje. D\u00e9jenos hacer su d\u00eda m\u00e1s f\u00e1cil, ll\u00e1menos para hablar con un especialista al 1-800-516-3440 o env\u00ede un correo a dealer-account@AACarTransport.com.<\/p>\n","protected":false},"excerpt":{"rendered":"<p>SERVICIOS DE AA CAR TRANSPORT AUTO TRANSPORTE Y ENV\u00cdO DE AUTOS EN TODA LA NACI\u00d3N. ENV\u00cdOS PUERTA A PUERTA TRANSPORTE ABIERTO DE AUTOS. ENV\u00cdOS CERRADOS DE AUTOS. SERVICIO EXPRESO DE ENV\u00cdO DE AUTOS. SERVICIO DE TRANSPORTADOR PERSONAL Y DE CONDUCCI\u00d3N. ENV\u00cdOS DE MOTOCICLETAS \/ CUATRICICLOS ENV\u00cdOS Y TRANSPORTE DE SUV, CAMIONETA, MINIVAN, JEEP ENV\u00cdOS Y&hellip;<\/p>\n","protected":false},"author":9,"featured_media":0,"parent":0,"menu_order":0,"comment_status":"open","ping_status":"open","template":"templates\/page-template-services.php","meta":{"_acf_changed":false,"footnotes":""},"translation":{"provider":"WPGlobus","version":"2.12.2","language":"es","enabled_languages":["en","es"],"languages":{"en":{"title":true,"content":true,"excerpt":false},"es":{"title":true,"content":true,"excerpt":false}}},"acf":[],"amp_enabled":false,"_links":{"self":[{"href":"https:\/\/aacartransport.com\/es\/wp-json\/wp\/v2\/pages\/7"}],"collection":[{"href":"https:\/\/aacartransport.com\/es\/wp-json\/wp\/v2\/pages"}],"about":[{"href":"https:\/\/aacartransport.com\/es\/wp-json\/wp\/v2\/types\/page"}],"author":[{"embeddable":true,"href":"https:\/\/aacartransport.com\/es\/wp-json\/wp\/v2\/users\/9"}],"replies":[{"embeddable":true,"href":"https:\/\/aacartransport.com\/es\/wp-json\/wp\/v2\/comments?post=7"}],"version-history":[{"count":0,"href":"https:\/\/aacartransport.com\/es\/wp-json\/wp\/v2\/pages\/7\/revisions"}],"wp:attachment":[{"href":"https:\/\/aacartransport.com\/es\/wp-json\/wp\/v2\/media?parent=7"}],"curies":[{"name":"wp","href":"https:\/\/api.w.org\/{rel}","templated":true}]}}